{"id":3312,"date":"2022-11-10T07:56:09","date_gmt":"2022-11-10T06:56:09","guid":{"rendered":"https:\/\/www.sprachschule-aktiv-karlsruhe.de\/anmeldung-fuer-sprachkurse\/"},"modified":"2023-06-24T09:56:04","modified_gmt":"2023-06-24T07:56:04","slug":"inscription","status":"publish","type":"page","link":"https:\/\/www.sprachschule-aktiv-karlsruhe.de\/fr\/inscription\/","title":{"rendered":"Inscription pour des cours de langues \u00e0 Karlsruhe &#8211; R\u00e9servez votre place d\u00e8s maintenant !"},"content":{"rendered":"\t\t<div data-elementor-type=\"wp-page\" data-elementor-id=\"3312\" class=\"elementor elementor-3312 elementor-37\">\n\t\t\t\t\t\t<section class=\"elementor-section elementor-top-section elementor-element elementor-element-18bd5df elementor-section-boxed elementor-section-height-default elementor-section-height-default\" data-id=\"18bd5df\" data-element_type=\"section\" data-e-type=\"section\">\n\t\t\t\t\t\t<div class=\"elementor-container elementor-column-gap-default\">\n\t\t\t\t\t<div class=\"elementor-column elementor-col-100 elementor-top-column elementor-element elementor-element-6615bde\" data-id=\"6615bde\" data-element_type=\"column\" data-e-type=\"column\">\n\t\t\t<div class=\"elementor-widget-wrap elementor-element-populated\">\n\t\t\t\t\t\t<div class=\"elementor-element elementor-element-547432e elementor-widget elementor-widget-text-editor\" data-id=\"547432e\" data-element_type=\"widget\" data-e-type=\"widget\" data-widget_type=\"text-editor.default\">\n\t\t\t\t<div class=\"elementor-widget-container\">\n\t\t\t\t\t\t\t\t\t<h2>Inscription aux cours de langues \u00e0 l&#8217;\u00e9cole de langues Aktiv Karlsruhe<\/h2>\nInscription aux cours de langues &#8211; Veuillez remplir le formulaire d&#8217;inscription pour le cours de langue souhait\u00e9.\t\t\t\t\t\t\t\t<\/div>\n\t\t\t\t<\/div>\n\t\t\t\t\t<\/div>\n\t\t<\/div>\n\t\t\t\t\t<\/div>\n\t\t<\/section>\n\t\t\t\t<section class=\"elementor-section elementor-top-section elementor-element elementor-element-d002b35 elementor-section-boxed elementor-section-height-default elementor-section-height-default\" data-id=\"d002b35\" data-element_type=\"section\" data-e-type=\"section\">\n\t\t\t\t\t\t<div class=\"elementor-container elementor-column-gap-default\">\n\t\t\t\t\t<div class=\"elementor-column elementor-col-100 elementor-top-column elementor-element elementor-element-8e7862d\" data-id=\"8e7862d\" data-element_type=\"column\" data-e-type=\"column\">\n\t\t\t<div class=\"elementor-widget-wrap elementor-element-populated\">\n\t\t\t\t\t\t<div class=\"elementor-element elementor-element-7a663a6 elementor-widget elementor-widget-text-editor\" data-id=\"7a663a6\" data-element_type=\"widget\" data-e-type=\"widget\" data-widget_type=\"text-editor.default\">\n\t\t\t\t<div class=\"elementor-widget-container\">\n\t\t\t\t\t\t\t\t\t\n<div class=\"wpcf7 no-js\" id=\"wpcf7-f3317-o1\" lang=\"de-DE\" dir=\"ltr\" data-wpcf7-id=\"3317\">\n<div class=\"screen-reader-response\"><p role=\"status\" aria-live=\"polite\" aria-atomic=\"true\"><\/p> <ul><\/ul><\/div>\n<form action=\"\/fr\/wp-json\/wp\/v2\/pages\/3312#wpcf7-f3317-o1\" method=\"post\" class=\"wpcf7-form init wpcf7-acceptance-as-validation\" aria-label=\"Kontaktformular\" novalidate=\"novalidate\" data-status=\"init\">\n<fieldset class=\"hidden-fields-container\"><input type=\"hidden\" name=\"_wpcf7\" value=\"3317\" \/><input type=\"hidden\" name=\"_wpcf7_version\" value=\"6.1.5\" \/><input type=\"hidden\" name=\"_wpcf7_locale\" value=\"de_DE\" \/><input type=\"hidden\" name=\"_wpcf7_unit_tag\" value=\"wpcf7-f3317-o1\" \/><input type=\"hidden\" name=\"_wpcf7_container_post\" value=\"0\" \/><input type=\"hidden\" name=\"_wpcf7_posted_data_hash\" value=\"\" \/><input type=\"hidden\" name=\"_wpcf7cf_hidden_group_fields\" value=\"[]\" \/><input type=\"hidden\" name=\"_wpcf7cf_hidden_groups\" value=\"[]\" \/><input type=\"hidden\" name=\"_wpcf7cf_visible_groups\" value=\"[]\" \/><input type=\"hidden\" name=\"_wpcf7cf_repeaters\" value=\"[]\" \/><input type=\"hidden\" name=\"_wpcf7cf_steps\" value=\"{}\" \/><input type=\"hidden\" name=\"_wpcf7cf_options\" value=\"{&quot;form_id&quot;:3317,&quot;conditions&quot;:[],&quot;settings&quot;:{&quot;animation&quot;:&quot;yes&quot;,&quot;animation_intime&quot;:200,&quot;animation_outtime&quot;:200,&quot;conditions_ui&quot;:&quot;normal&quot;,&quot;notice_dismissed&quot;:false}}\" \/><input type=\"hidden\" name=\"_wpcf7_recaptcha_response\" value=\"\" \/>\n<\/fieldset>\n<p>Salutation *\n<\/p>\n<p><span class=\"wpcf7-form-control-wrap\" data-name=\"anrede\"><select class=\"wpcf7-form-control wpcf7-select\" aria-invalid=\"false\" name=\"anrede\"><option value=\"\">&#8211; Bitte ausw\u00e4hlen &#8211;<\/option><option value=\"Femme\">Femme<\/option><option value=\"Monsieur\">Monsieur<\/option><\/select><\/span>\n<\/p>\n<p>Entreprise: <span class=\"wpcf7-form-control-wrap\" data-name=\"Firma\"><input size=\"40\" maxlength=\"400\" class=\"wpcf7-form-control wpcf7-text\" aria-invalid=\"false\" value=\"\" type=\"text\" name=\"Firma\" \/><\/span>\n<\/p>\n<p>Pr\u00e9nom*: <span class=\"wpcf7-form-control-wrap\" data-name=\"Vorname\"><input size=\"40\" maxlength=\"400\" class=\"wpcf7-form-control wpcf7-text wpcf7-validates-as-required\" aria-required=\"true\" aria-invalid=\"false\" value=\"\" type=\"text\" name=\"Vorname\" \/><\/span>\n<\/p>\n<p>Nom de famille*: <span class=\"wpcf7-form-control-wrap\" data-name=\"Nachname\"><input size=\"40\" maxlength=\"400\" class=\"wpcf7-form-control wpcf7-text wpcf7-validates-as-required\" aria-required=\"true\" aria-invalid=\"false\" value=\"\" type=\"text\" name=\"Nachname\" \/><\/span>\n<\/p>\n<p>Adresse*: <span class=\"wpcf7-form-control-wrap\" data-name=\"Adresse\"><input size=\"40\" maxlength=\"400\" class=\"wpcf7-form-control wpcf7-text wpcf7-validates-as-required\" aria-required=\"true\" aria-invalid=\"false\" value=\"\" type=\"text\" name=\"Adresse\" \/><\/span>\n<\/p>\n<p>Zip\/Ville: <span class=\"wpcf7-form-control-wrap\" data-name=\"PLZ\"><input size=\"40\" maxlength=\"400\" class=\"wpcf7-form-control wpcf7-text wpcf7-validates-as-required\" aria-required=\"true\" aria-invalid=\"false\" value=\"\" type=\"text\" name=\"PLZ\" \/><\/span>\n<\/p>\n<p>T\u00e9l\u00e9phone*: <span class=\"wpcf7-form-control-wrap\" data-name=\"Telefon\"><input size=\"40\" maxlength=\"400\" class=\"wpcf7-form-control wpcf7-text wpcf7-validates-as-required\" aria-required=\"true\" aria-invalid=\"false\" value=\"\" type=\"text\" name=\"Telefon\" \/><\/span>\n<\/p>\n<p>E-mail*: <span class=\"wpcf7-form-control-wrap\" data-name=\"Email\"><input size=\"40\" maxlength=\"400\" class=\"wpcf7-form-control wpcf7-email wpcf7-validates-as-required wpcf7-text wpcf7-validates-as-email medium\" aria-required=\"true\" aria-invalid=\"false\" value=\"\" type=\"email\" name=\"Email\" \/><\/span>\n<\/p>\n<p><B>Informations sur les cours: <\/b>\n<\/p>\n<p>Quelle langue voulez-vous apprendre ?* : <span class=\"wpcf7-form-control-wrap\" data-name=\"Sprache\"><input size=\"40\" maxlength=\"400\" class=\"wpcf7-form-control wpcf7-text wpcf7-validates-as-required\" aria-required=\"true\" aria-invalid=\"false\" placeholder=\"par exemple allemand, anglais, espagnol\" value=\"\" type=\"text\" name=\"Sprache\" \/><\/span>\n<\/p>\n<p>Type de cours*: <span class=\"wpcf7-form-control-wrap\" data-name=\"Kursart\"><select class=\"wpcf7-form-control wpcf7-select wpcf7-validates-as-required\" aria-required=\"true\" aria-invalid=\"false\" name=\"Kursart\"><option value=\"\">&#8211; Bitte ausw\u00e4hlen &#8211;<\/option><option value=\"Cours intensif, du lundi au vendredi quatre unit\u00e9s par jour, 449,00 \u20ac pour quatre semaines\">Cours intensif, du lundi au vendredi quatre unit\u00e9s par jour, 449,00 \u20ac pour quatre semaines<\/option><option value=\"Offre sp\u00e9ciale : cours intensif 3 mois : 1197,00 \u20ac\">Offre sp\u00e9ciale : cours intensif 3 mois : 1197,00 \u20ac<\/option><option value=\"Offre sp\u00e9ciale : cours intensif 2 mois incl. examen Telc &amp; pr\u00e9paration : 999,00 \u20ac\">Offre sp\u00e9ciale : cours intensif 2 mois incl. examen Telc &amp; pr\u00e9paration : 999,00 \u20ac<\/option><option value=\"Cours intensif : Du lundi au vendredi, 18h00 - 21h00.\">Cours intensif : Du lundi au vendredi, 18h00 &#8211; 21h00.<\/option><option value=\"Cours du soir : 2x par semaine, 18h00 - 20h15.\">Cours du soir : 2x par semaine, 18h00 &#8211; 20h15.<\/option><option value=\"Cours du soir : 1x par semaine, 18h00 - 19h30 (12 semaines)\">Cours du soir : 1x par semaine, 18h00 &#8211; 19h30 (12 semaines)<\/option><option value=\"Cours d&#039;allemand pour visa\">Cours d&#039;allemand pour visa<\/option><option value=\"Cours d&#039;allemand pr\u00e9paration FSP\">Cours d&#039;allemand pr\u00e9paration FSP<\/option><\/select><\/span>\n<\/p>\n<p>Niveau*: <span class=\"wpcf7-form-control-wrap\" data-name=\"niveau\"><select class=\"wpcf7-form-control wpcf7-select wpcf7-validates-as-required\" aria-required=\"true\" aria-invalid=\"false\" name=\"niveau\"><option value=\"A1.1 (D\u00e9butant)\">A1.1 (D\u00e9butant)<\/option><option value=\"A1.2 (D\u00e9butant)\">A1.2 (D\u00e9butant)<\/option><option value=\"A2.1 (\u00c9l\u00e9mentaire\/Basique)\">A2.1 (\u00c9l\u00e9mentaire\/Basique)<\/option><option value=\"A2.2 (\u00c9l\u00e9mentaire\/Basique)\">A2.2 (\u00c9l\u00e9mentaire\/Basique)<\/option><option value=\"B1.1 (Interm\u00e9diaire\/Interm\u00e9diaire)\">B1.1 (Interm\u00e9diaire\/Interm\u00e9diaire)<\/option><option value=\"B1.2 ( Interm\u00e9diaire)\">B1.2 ( Interm\u00e9diaire)<\/option><option value=\"B2.1 (Vantage)\">B2.1 (Vantage)<\/option><option value=\"B2.2 (Vantage)\">B2.2 (Vantage)<\/option><option value=\"C1 (Avanc\u00e9)\">C1 (Avanc\u00e9)<\/option><option value=\"C2 (Comp\u00e9tence)\">C2 (Comp\u00e9tence)<\/option><\/select><\/span>\n<\/p>\n<p>D\u00e9but du cours*: <span class=\"wpcf7-form-control-wrap\" data-name=\"Kursbeginn\"><input class=\"wpcf7-form-control wpcf7-date wpcf7-validates-as-required wpcf7-validates-as-date\" aria-required=\"true\" aria-invalid=\"false\" value=\"\" type=\"date\" name=\"Kursbeginn\" \/><\/span>\n<\/p>\n<p>Dur\u00e9e du cours*: <span class=\"wpcf7-form-control-wrap\" data-name=\"dauer\"><input size=\"40\" maxlength=\"400\" class=\"wpcf7-form-control wpcf7-text wpcf7-validates-as-required\" aria-required=\"true\" aria-invalid=\"false\" placeholder=\"par exemple 4 semaines pour un cours intensif\" value=\"\" type=\"text\" name=\"dauer\" \/><\/span>\n<\/p>\n<p>Nombre d&#8217;heures souhait\u00e9: <span class=\"wpcf7-form-control-wrap\" data-name=\"Stundenzahl\"><input size=\"40\" maxlength=\"400\" class=\"wpcf7-form-control wpcf7-text\" aria-invalid=\"false\" value=\"\" type=\"text\" name=\"Stundenzahl\" \/><\/span>\n<\/p>\n<p><B>Paiement: <\/b>\n<\/p>\n<p>M\u00e9thodes de payement: <span class=\"wpcf7-form-control-wrap\" data-name=\"Zahlung\"><select class=\"wpcf7-form-control wpcf7-select wpcf7-validates-as-required\" aria-required=\"true\" aria-invalid=\"false\" name=\"Zahlung\"><option value=\"Esp\u00e8ces \u00e0 notre bureau pendant les heures d&#039;ouverture\">Esp\u00e8ces \u00e0 notre bureau pendant les heures d&#039;ouverture<\/option><option value=\"Transfert\">Transfert<\/option><\/select><\/span>\n<\/p>\n<p><B>Remarques, conseils<\/b>\n<\/p>\n<p><span class=\"wpcf7-form-control-wrap\" data-name=\"Bemerkungen\"><textarea cols=\"40\" rows=\"10\" maxlength=\"2000\" class=\"wpcf7-form-control wpcf7-textarea\" aria-invalid=\"false\" name=\"Bemerkungen\"><\/textarea><\/span>\n<\/p>\n<div style=\"\">\n\t<p><span class=\"wpcf7-form-control-wrap\" data-name=\"agb\"><span class=\"wpcf7-form-control wpcf7-acceptance\"><span class=\"wpcf7-list-item\"><input type=\"checkbox\" name=\"agb\" value=\"1\" aria-invalid=\"false\" \/><\/span><\/span><\/span> (*) J&#8217;ai pris connaissance et j&#8217;accepte les <a href=\"https:\/\/www.sprachschule-aktiv-karlsruhe.de\/allgemeine-geschaeftsbedingungen\/\" target=\"_blank\">Conditions G\u00e9n\u00e9rales<\/a> (y compris le droit de r\u00e9tractation). J&#8217;ai pris connaissance des informations concernant la <a href=\"https:\/\/www.sprachschule-aktiv-karlsruhe.de\/datenschutzerklaerung\/\" target=\"_blank\">protection des donn\u00e9es<\/a>.\n\t<\/p>\n<\/div>\n<span class=\"wpcf7-form-control-wrap recaptcha\" data-name=\"recaptcha\"><span data-sitekey=\"6Le7tygrAAAAAMoQ_7aSQg_PXTVjYqEFxO3t57aF\" class=\"wpcf7-form-control wpcf7-recaptcha g-recaptcha\"><\/span>\r\n<noscript>\r\n\t<div class=\"grecaptcha-noscript\">\r\n\t\t<div class=\"BorlabsCookie _brlbs-cb-default\"><div class=\"_brlbs-content-blocker\"> <div class=\"_brlbs-default\"> <p>Klicken Sie auf den unteren Button, um den Inhalt von www.google.com zu laden.<\/p> <p><a class=\"_brlbs-btn\" href=\"#\" data-borlabs-cookie-unblock role=\"button\">Inhalt laden<\/a><\/p> <\/div> <\/div><div class=\"borlabs-hide\" data-borlabs-cookie-type=\"content-blocker\" data-borlabs-cookie-id=\"default\"><script type=\"text\/template\">PGlmcmFtZSBzcmM9Imh0dHBzOi8vd3d3Lmdvb2dsZS5jb20vcmVjYXB0Y2hhL2FwaS9mYWxsYmFjaz9rPTZMZTd0eWdyQUFBQUFNb1FfN2FTUWdfUFhUVmpZcUVGeE8zdDU3YUYiIGZyYW1lYm9yZGVyPSIwIiBzY3JvbGxpbmc9Im5vIiB3aWR0aD0iMzEwIiBoZWlnaHQ9IjQzMCI+DQoJCTwvaWZyYW1lPg==<\/script><\/div><\/div>\r\n\t\t<textarea name=\"g-recaptcha-response\" rows=\"3\" cols=\"40\" placeholder=\"reCaptcha Response Here\">\r\n\t\t<\/textarea>\r\n\t<\/div>\r\n<\/noscript>\r\n<\/span>\n<p><input class=\"wpcf7-form-control wpcf7-submit has-spinner\" type=\"submit\" value=\"Commande payante\" \/>\n<\/p><div class=\"wpcf7-response-output\" aria-hidden=\"true\"><\/div>\n<\/form>\n<\/div>\n\t\t\t\t\t\t\t\t<\/div>\n\t\t\t\t<\/div>\n\t\t\t\t\t<\/div>\n\t\t<\/div>\n\t\t\t\t\t<\/div>\n\t\t<\/section>\n\t\t\t\t<\/div>\n\t\t","protected":false},"excerpt":{"rendered":"<p>Inscription aux cours de langues \u00e0 l&#8217;\u00e9cole de langues Aktiv Karlsruhe Inscription aux cours de langues &#8211; Veuillez remplir le formulaire d&#8217;inscription pour le cours de langue souhait\u00e9.<\/p>\n","protected":false},"author":1,"featured_media":0,"parent":0,"menu_order":0,"comment_status":"closed","ping_status":"closed","template":"","meta":{"footnotes":""},"class_list":["post-3312","page","type-page","status-publish","hentry"],"yoast_head":"<!-- This site is optimized with the Yoast SEO plugin v27.1.1 - https:\/\/yoast.com\/product\/yoast-seo-wordpress\/ -->\n<title>Anmeldungsformular f\u00fcr Sprachkurse in Karlsruhe<\/title>\n<meta name=\"description\" content=\"In dieser Seite k\u00f6nnen Sie sich gerne f\u00fcr einen Sprachkurs anmelden. Anmeldeformular f\u00fcr Sprachkurse der Sprachschule Aktiv Karlsruhe .\" \/>\n<meta name=\"robots\" content=\"index, follow, max-snippet:-1, max-image-preview:large, max-video-preview:-1\" \/>\n<link rel=\"canonical\" href=\"https:\/\/www.sprachschule-aktiv-karlsruhe.de\/fr\/inscription\/\" \/>\n<meta property=\"og:locale\" content=\"fr_FR\" \/>\n<meta property=\"og:type\" content=\"article\" \/>\n<meta property=\"og:title\" content=\"Anmeldungsformular f\u00fcr Sprachkurse in Karlsruhe\" \/>\n<meta property=\"og:description\" content=\"In dieser Seite k\u00f6nnen Sie sich gerne f\u00fcr einen Sprachkurs anmelden. Anmeldeformular f\u00fcr Sprachkurse der Sprachschule Aktiv Karlsruhe .\" \/>\n<meta property=\"og:url\" content=\"https:\/\/www.sprachschule-aktiv-karlsruhe.de\/fr\/inscription\/\" \/>\n<meta property=\"og:site_name\" content=\"Sprachschule Aktiv Karlsruhe\" \/>\n<meta property=\"article:modified_time\" content=\"2023-06-24T07:56:04+00:00\" \/>\n<meta name=\"twitter:card\" content=\"summary_large_image\" \/>\n<meta name=\"twitter:label1\" content=\"Dur\u00e9e de lecture estim\u00e9e\" \/>\n\t<meta name=\"twitter:data1\" content=\"1 minute\" \/>\n<script type=\"application\/ld+json\" class=\"yoast-schema-graph\">{\"@context\":\"https:\/\/schema.org\",\"@graph\":[{\"@type\":\"WebPage\",\"@id\":\"https:\/\/www.sprachschule-aktiv-karlsruhe.de\/fr\/inscription\/\",\"url\":\"https:\/\/www.sprachschule-aktiv-karlsruhe.de\/fr\/inscription\/\",\"name\":\"Anmeldungsformular f\u00fcr Sprachkurse in Karlsruhe\",\"isPartOf\":{\"@id\":\"https:\/\/www.sprachschule-aktiv-karlsruhe.de\/#website\"},\"datePublished\":\"2022-11-10T06:56:09+00:00\",\"dateModified\":\"2023-06-24T07:56:04+00:00\",\"description\":\"In dieser Seite k\u00f6nnen Sie sich gerne f\u00fcr einen Sprachkurs anmelden. Anmeldeformular f\u00fcr Sprachkurse der Sprachschule Aktiv Karlsruhe .\",\"inLanguage\":\"fr-FR\",\"potentialAction\":[{\"@type\":\"ReadAction\",\"target\":[\"https:\/\/www.sprachschule-aktiv-karlsruhe.de\/fr\/inscription\/\"]}]},{\"@type\":\"WebSite\",\"@id\":\"https:\/\/www.sprachschule-aktiv-karlsruhe.de\/#website\",\"url\":\"https:\/\/www.sprachschule-aktiv-karlsruhe.de\/\",\"name\":\"Sprachschule Aktiv Karlsruhe\",\"description\":\"\",\"potentialAction\":[{\"@type\":\"SearchAction\",\"target\":{\"@type\":\"EntryPoint\",\"urlTemplate\":\"https:\/\/www.sprachschule-aktiv-karlsruhe.de\/?s={search_term_string}\"},\"query-input\":{\"@type\":\"PropertyValueSpecification\",\"valueRequired\":true,\"valueName\":\"search_term_string\"}}],\"inLanguage\":\"fr-FR\"}]}<\/script>\n<!-- \/ Yoast SEO plugin. -->","yoast_head_json":{"title":"Anmeldungsformular f\u00fcr Sprachkurse in Karlsruhe","description":"In dieser Seite k\u00f6nnen Sie sich gerne f\u00fcr einen Sprachkurs anmelden. Anmeldeformular f\u00fcr Sprachkurse der Sprachschule Aktiv Karlsruhe .","robots":{"index":"index","follow":"follow","max-snippet":"max-snippet:-1","max-image-preview":"max-image-preview:large","max-video-preview":"max-video-preview:-1"},"canonical":"https:\/\/www.sprachschule-aktiv-karlsruhe.de\/fr\/inscription\/","og_locale":"fr_FR","og_type":"article","og_title":"Anmeldungsformular f\u00fcr Sprachkurse in Karlsruhe","og_description":"In dieser Seite k\u00f6nnen Sie sich gerne f\u00fcr einen Sprachkurs anmelden. Anmeldeformular f\u00fcr Sprachkurse der Sprachschule Aktiv Karlsruhe .","og_url":"https:\/\/www.sprachschule-aktiv-karlsruhe.de\/fr\/inscription\/","og_site_name":"Sprachschule Aktiv Karlsruhe","article_modified_time":"2023-06-24T07:56:04+00:00","twitter_card":"summary_large_image","twitter_misc":{"Dur\u00e9e de lecture estim\u00e9e":"1 minute"},"schema":{"@context":"https:\/\/schema.org","@graph":[{"@type":"WebPage","@id":"https:\/\/www.sprachschule-aktiv-karlsruhe.de\/fr\/inscription\/","url":"https:\/\/www.sprachschule-aktiv-karlsruhe.de\/fr\/inscription\/","name":"Anmeldungsformular f\u00fcr Sprachkurse in Karlsruhe","isPartOf":{"@id":"https:\/\/www.sprachschule-aktiv-karlsruhe.de\/#website"},"datePublished":"2022-11-10T06:56:09+00:00","dateModified":"2023-06-24T07:56:04+00:00","description":"In dieser Seite k\u00f6nnen Sie sich gerne f\u00fcr einen Sprachkurs anmelden. Anmeldeformular f\u00fcr Sprachkurse der Sprachschule Aktiv Karlsruhe .","inLanguage":"fr-FR","potentialAction":[{"@type":"ReadAction","target":["https:\/\/www.sprachschule-aktiv-karlsruhe.de\/fr\/inscription\/"]}]},{"@type":"WebSite","@id":"https:\/\/www.sprachschule-aktiv-karlsruhe.de\/#website","url":"https:\/\/www.sprachschule-aktiv-karlsruhe.de\/","name":"Sprachschule Aktiv Karlsruhe","description":"","potentialAction":[{"@type":"SearchAction","target":{"@type":"EntryPoint","urlTemplate":"https:\/\/www.sprachschule-aktiv-karlsruhe.de\/?s={search_term_string}"},"query-input":{"@type":"PropertyValueSpecification","valueRequired":true,"valueName":"search_term_string"}}],"inLanguage":"fr-FR"}]}},"_links":{"self":[{"href":"https:\/\/www.sprachschule-aktiv-karlsruhe.de\/fr\/wp-json\/wp\/v2\/pages\/3312","targetHints":{"allow":["GET"]}}],"collection":[{"href":"https:\/\/www.sprachschule-aktiv-karlsruhe.de\/fr\/wp-json\/wp\/v2\/pages"}],"about":[{"href":"https:\/\/www.sprachschule-aktiv-karlsruhe.de\/fr\/wp-json\/wp\/v2\/types\/page"}],"author":[{"embeddable":true,"href":"https:\/\/www.sprachschule-aktiv-karlsruhe.de\/fr\/wp-json\/wp\/v2\/users\/1"}],"replies":[{"embeddable":true,"href":"https:\/\/www.sprachschule-aktiv-karlsruhe.de\/fr\/wp-json\/wp\/v2\/comments?post=3312"}],"version-history":[{"count":7,"href":"https:\/\/www.sprachschule-aktiv-karlsruhe.de\/fr\/wp-json\/wp\/v2\/pages\/3312\/revisions"}],"predecessor-version":[{"id":3320,"href":"https:\/\/www.sprachschule-aktiv-karlsruhe.de\/fr\/wp-json\/wp\/v2\/pages\/3312\/revisions\/3320"}],"wp:attachment":[{"href":"https:\/\/www.sprachschule-aktiv-karlsruhe.de\/fr\/wp-json\/wp\/v2\/media?parent=3312"}],"curies":[{"name":"wp","href":"https:\/\/api.w.org\/{rel}","templated":true}]}}