{"id":3301,"date":"2022-11-09T19:20:34","date_gmt":"2022-11-09T18:20:34","guid":{"rendered":"https:\/\/www.sprachschule-aktiv-karlsruhe.de\/kontakt\/"},"modified":"2023-05-17T11:03:07","modified_gmt":"2023-05-17T09:03:07","slug":"contactez-nous","status":"publish","type":"page","link":"https:\/\/www.sprachschule-aktiv-karlsruhe.de\/fr\/contactez-nous\/","title":{"rendered":"Formulaire de contact &#8211; Sprachschule Aktiv"},"content":{"rendered":"\t\t<div data-elementor-type=\"wp-page\" data-elementor-id=\"3301\" class=\"elementor elementor-3301 elementor-31\">\n\t\t\t\t\t\t<section class=\"elementor-section elementor-top-section elementor-element elementor-element-f709b73 elementor-section-boxed elementor-section-height-default elementor-section-height-default\" data-id=\"f709b73\" data-element_type=\"section\" data-e-type=\"section\">\n\t\t\t\t\t\t<div class=\"elementor-container elementor-column-gap-default\">\n\t\t\t\t\t<div class=\"elementor-column elementor-col-100 elementor-top-column elementor-element elementor-element-6c40cd3\" data-id=\"6c40cd3\" data-element_type=\"column\" data-e-type=\"column\">\n\t\t\t<div class=\"elementor-widget-wrap elementor-element-populated\">\n\t\t\t\t\t\t<div class=\"elementor-element elementor-element-1688be3 elementor-widget elementor-widget-text-editor\" data-id=\"1688be3\" data-element_type=\"widget\" data-e-type=\"widget\" data-widget_type=\"text-editor.default\">\n\t\t\t\t<div class=\"elementor-widget-container\">\n\t\t\t\t\t\t\t\t\t<h2>Formulaire de contact &#8211; votre demande<\/h2>\n<p>Emplacement, heures d&#8217;ouverture, emplacements et contact de Sprachschule Aktiv Karlsruhe. Merci de nous contacter via notre formulaire de contact :<\/p>\t\t\t\t\t\t\t\t<\/div>\n\t\t\t\t<\/div>\n\t\t\t\t<div class=\"elementor-element elementor-element-13a7cbd elementor-widget elementor-widget-text-editor\" data-id=\"13a7cbd\" data-element_type=\"widget\" data-e-type=\"widget\" data-widget_type=\"text-editor.default\">\n\t\t\t\t<div class=\"elementor-widget-container\">\n\t\t\t\t\t\t\t\t\t\n<div class=\"wpcf7 no-js\" id=\"wpcf7-f3307-o1\" lang=\"de-DE\" dir=\"ltr\" data-wpcf7-id=\"3307\">\n<div class=\"screen-reader-response\"><p role=\"status\" aria-live=\"polite\" aria-atomic=\"true\"><\/p> <ul><\/ul><\/div>\n<form action=\"\/fr\/wp-json\/wp\/v2\/pages\/3301#wpcf7-f3307-o1\" method=\"post\" class=\"wpcf7-form init wpcf7-acceptance-as-validation\" aria-label=\"Kontaktformular\" novalidate=\"novalidate\" data-status=\"init\">\n<fieldset class=\"hidden-fields-container\"><input type=\"hidden\" name=\"_wpcf7\" value=\"3307\" \/><input type=\"hidden\" name=\"_wpcf7_version\" value=\"6.1.5\" \/><input type=\"hidden\" name=\"_wpcf7_locale\" value=\"de_DE\" \/><input type=\"hidden\" name=\"_wpcf7_unit_tag\" value=\"wpcf7-f3307-o1\" \/><input type=\"hidden\" name=\"_wpcf7_container_post\" value=\"0\" \/><input type=\"hidden\" name=\"_wpcf7_posted_data_hash\" value=\"\" \/><input type=\"hidden\" name=\"_wpcf7cf_hidden_group_fields\" value=\"[]\" \/><input type=\"hidden\" name=\"_wpcf7cf_hidden_groups\" value=\"[]\" \/><input type=\"hidden\" name=\"_wpcf7cf_visible_groups\" value=\"[]\" \/><input type=\"hidden\" name=\"_wpcf7cf_repeaters\" value=\"[]\" \/><input type=\"hidden\" name=\"_wpcf7cf_steps\" value=\"{}\" \/><input type=\"hidden\" name=\"_wpcf7cf_options\" value=\"{&quot;form_id&quot;:3307,&quot;conditions&quot;:[],&quot;settings&quot;:{&quot;animation&quot;:&quot;yes&quot;,&quot;animation_intime&quot;:200,&quot;animation_outtime&quot;:200,&quot;conditions_ui&quot;:&quot;normal&quot;,&quot;notice_dismissed&quot;:false}}\" \/><input type=\"hidden\" name=\"_wpcf7_recaptcha_response\" value=\"\" \/>\n<\/fieldset>\n<p>Entreprise: <span class=\"wpcf7-form-control-wrap\" data-name=\"Firma\"><input size=\"40\" maxlength=\"400\" class=\"wpcf7-form-control wpcf7-text fullwidth\" aria-invalid=\"false\" value=\"\" type=\"text\" name=\"Firma\" \/><\/span>\n<\/p>\n<p>Pr\u00e9nom*: <span class=\"wpcf7-form-control-wrap\" data-name=\"Vorname\"><input size=\"40\" maxlength=\"400\" class=\"wpcf7-form-control wpcf7-text wpcf7-validates-as-required fullwidth\" aria-required=\"true\" aria-invalid=\"false\" value=\"\" type=\"text\" name=\"Vorname\" \/><\/span>\n<\/p>\n<p>Nom de famille*: <span class=\"wpcf7-form-control-wrap\" data-name=\"Nachname\"><input size=\"40\" maxlength=\"400\" class=\"wpcf7-form-control wpcf7-text wpcf7-validates-as-required fullwidth\" aria-required=\"true\" aria-invalid=\"false\" value=\"\" type=\"text\" name=\"Nachname\" \/><\/span>\n<\/p>\n<p>E-mail*: <span class=\"wpcf7-form-control-wrap\" data-name=\"email\"><input size=\"40\" maxlength=\"400\" class=\"wpcf7-form-control wpcf7-email wpcf7-validates-as-required wpcf7-text wpcf7-validates-as-email fullwidth\" aria-required=\"true\" aria-invalid=\"false\" value=\"\" type=\"email\" name=\"email\" \/><\/span>\n<\/p>\n<p>T\u00e9l\u00e9phone*: <span class=\"wpcf7-form-control-wrap\" data-name=\"Telefon\"><input size=\"40\" maxlength=\"400\" class=\"wpcf7-form-control wpcf7-text wpcf7-validates-as-required fullwidth\" aria-required=\"true\" aria-invalid=\"false\" value=\"\" type=\"text\" name=\"Telefon\" \/><\/span>\n<\/p>\n<p>Ta question: <span class=\"wpcf7-form-control-wrap\" data-name=\"message\"><textarea cols=\"200\" rows=\"7\" maxlength=\"2000\" class=\"wpcf7-form-control wpcf7-textarea\" aria-invalid=\"false\" name=\"message\"><\/textarea><\/span>\n<\/p>\n<div style=\"\">\n\t<p><span class=\"wpcf7-form-control-wrap\" data-name=\"agb\"><span class=\"wpcf7-form-control wpcf7-acceptance\"><span class=\"wpcf7-list-item\"><input type=\"checkbox\" name=\"agb\" value=\"1\" aria-invalid=\"false\" \/><\/span><\/span><\/span> (*) J&#8217;ai accept\u00e9 les Conditions g\u00e9n\u00e9rales et j&#8217;ai lu les <a href= \" https:\/\/www.sprachschule-aktiv-karlsruhe.de\/datenschutzerklaerung\/\" target=\"_blank\">Politique de confidentialit\u00e9<\/a>.\n\t<\/p>\n<\/div>\n<span class=\"wpcf7-form-control-wrap recaptcha\" data-name=\"recaptcha\"><span data-sitekey=\"6Le7tygrAAAAAMoQ_7aSQg_PXTVjYqEFxO3t57aF\" class=\"wpcf7-form-control wpcf7-recaptcha g-recaptcha\"><\/span>\r\n<noscript>\r\n\t<div class=\"grecaptcha-noscript\">\r\n\t\t<div class=\"BorlabsCookie _brlbs-cb-default\"><div class=\"_brlbs-content-blocker\"> <div class=\"_brlbs-default\"> <p>Klicken Sie auf den unteren Button, um den Inhalt von www.google.com zu laden.<\/p> <p><a class=\"_brlbs-btn\" href=\"#\" data-borlabs-cookie-unblock role=\"button\">Inhalt laden<\/a><\/p> <\/div> <\/div><div class=\"borlabs-hide\" data-borlabs-cookie-type=\"content-blocker\" data-borlabs-cookie-id=\"default\"><script type=\"text\/template\">PGlmcmFtZSBzcmM9Imh0dHBzOi8vd3d3Lmdvb2dsZS5jb20vcmVjYXB0Y2hhL2FwaS9mYWxsYmFjaz9rPTZMZTd0eWdyQUFBQUFNb1FfN2FTUWdfUFhUVmpZcUVGeE8zdDU3YUYiIGZyYW1lYm9yZGVyPSIwIiBzY3JvbGxpbmc9Im5vIiB3aWR0aD0iMzEwIiBoZWlnaHQ9IjQzMCI+DQoJCTwvaWZyYW1lPg==<\/script><\/div><\/div>\r\n\t\t<textarea name=\"g-recaptcha-response\" rows=\"3\" cols=\"40\" placeholder=\"reCaptcha Response Here\">\r\n\t\t<\/textarea>\r\n\t<\/div>\r\n<\/noscript>\r\n<\/span>\n<p><input class=\"wpcf7-form-control wpcf7-submit has-spinner fullwidth\" type=\"submit\" value=\"Envoyer\" \/>\n<\/p><div class=\"wpcf7-response-output\" aria-hidden=\"true\"><\/div>\n<\/form>\n<\/div>\n\t\t\t\t\t\t\t\t<\/div>\n\t\t\t\t<\/div>\n\t\t\t\t\t<\/div>\n\t\t<\/div>\n\t\t\t\t\t<\/div>\n\t\t<\/section>\n\t\t\t\t<\/div>\n\t\t","protected":false},"excerpt":{"rendered":"<p>Formulaire de contact &#8211; votre demande Emplacement, heures d&#8217;ouverture, emplacements et contact de Sprachschule Aktiv Karlsruhe. Merci de nous contacter via notre formulaire de contact :<\/p>\n","protected":false},"author":1,"featured_media":0,"parent":0,"menu_order":0,"comment_status":"closed","ping_status":"closed","template":"","meta":{"footnotes":""},"class_list":["post-3301","page","type-page","status-publish","hentry"],"yoast_head":"<!-- This site is optimized with the Yoast SEO plugin v27.1.1 - https:\/\/yoast.com\/product\/yoast-seo-wordpress\/ -->\n<title>Kontaktformular - Stellen Sie uns gerne Ihre Frage<\/title>\n<meta name=\"description\" content=\"Das ist das Kontaktformular der Sprachschule Aktiv in Karlsruhe. Suchen Sie nach einem Sprachkurse in Karlsruhe. Bitte Ihre Frage stellen.\" \/>\n<meta name=\"robots\" content=\"index, follow, max-snippet:-1, max-image-preview:large, max-video-preview:-1\" \/>\n<link rel=\"canonical\" href=\"https:\/\/www.sprachschule-aktiv-karlsruhe.de\/fr\/contactez-nous\/\" \/>\n<meta property=\"og:locale\" content=\"fr_FR\" \/>\n<meta property=\"og:type\" content=\"article\" \/>\n<meta property=\"og:title\" content=\"Kontaktformular - Stellen Sie uns gerne Ihre Frage\" \/>\n<meta property=\"og:description\" content=\"Das ist das Kontaktformular der Sprachschule Aktiv in Karlsruhe. Suchen Sie nach einem Sprachkurse in Karlsruhe. Bitte Ihre Frage stellen.\" \/>\n<meta property=\"og:url\" content=\"https:\/\/www.sprachschule-aktiv-karlsruhe.de\/fr\/contactez-nous\/\" \/>\n<meta property=\"og:site_name\" content=\"Sprachschule Aktiv Karlsruhe\" \/>\n<meta property=\"article:modified_time\" content=\"2023-05-17T09:03:07+00:00\" \/>\n<meta name=\"twitter:card\" content=\"summary_large_image\" \/>\n<meta name=\"twitter:label1\" content=\"Dur\u00e9e de lecture estim\u00e9e\" \/>\n\t<meta name=\"twitter:data1\" content=\"1 minute\" \/>\n<script type=\"application\/ld+json\" class=\"yoast-schema-graph\">{\"@context\":\"https:\/\/schema.org\",\"@graph\":[{\"@type\":\"WebPage\",\"@id\":\"https:\/\/www.sprachschule-aktiv-karlsruhe.de\/fr\/contactez-nous\/\",\"url\":\"https:\/\/www.sprachschule-aktiv-karlsruhe.de\/fr\/contactez-nous\/\",\"name\":\"Kontaktformular - Stellen Sie uns gerne Ihre Frage\",\"isPartOf\":{\"@id\":\"https:\/\/www.sprachschule-aktiv-karlsruhe.de\/#website\"},\"datePublished\":\"2022-11-09T18:20:34+00:00\",\"dateModified\":\"2023-05-17T09:03:07+00:00\",\"description\":\"Das ist das Kontaktformular der Sprachschule Aktiv in Karlsruhe. Suchen Sie nach einem Sprachkurse in Karlsruhe. Bitte Ihre Frage stellen.\",\"inLanguage\":\"fr-FR\",\"potentialAction\":[{\"@type\":\"ReadAction\",\"target\":[\"https:\/\/www.sprachschule-aktiv-karlsruhe.de\/fr\/contactez-nous\/\"]}]},{\"@type\":\"WebSite\",\"@id\":\"https:\/\/www.sprachschule-aktiv-karlsruhe.de\/#website\",\"url\":\"https:\/\/www.sprachschule-aktiv-karlsruhe.de\/\",\"name\":\"Sprachschule Aktiv Karlsruhe\",\"description\":\"\",\"potentialAction\":[{\"@type\":\"SearchAction\",\"target\":{\"@type\":\"EntryPoint\",\"urlTemplate\":\"https:\/\/www.sprachschule-aktiv-karlsruhe.de\/?s={search_term_string}\"},\"query-input\":{\"@type\":\"PropertyValueSpecification\",\"valueRequired\":true,\"valueName\":\"search_term_string\"}}],\"inLanguage\":\"fr-FR\"}]}<\/script>\n<!-- \/ Yoast SEO plugin. -->","yoast_head_json":{"title":"Kontaktformular - Stellen Sie uns gerne Ihre Frage","description":"Das ist das Kontaktformular der Sprachschule Aktiv in Karlsruhe. Suchen Sie nach einem Sprachkurse in Karlsruhe. Bitte Ihre Frage stellen.","robots":{"index":"index","follow":"follow","max-snippet":"max-snippet:-1","max-image-preview":"max-image-preview:large","max-video-preview":"max-video-preview:-1"},"canonical":"https:\/\/www.sprachschule-aktiv-karlsruhe.de\/fr\/contactez-nous\/","og_locale":"fr_FR","og_type":"article","og_title":"Kontaktformular - Stellen Sie uns gerne Ihre Frage","og_description":"Das ist das Kontaktformular der Sprachschule Aktiv in Karlsruhe. Suchen Sie nach einem Sprachkurse in Karlsruhe. Bitte Ihre Frage stellen.","og_url":"https:\/\/www.sprachschule-aktiv-karlsruhe.de\/fr\/contactez-nous\/","og_site_name":"Sprachschule Aktiv Karlsruhe","article_modified_time":"2023-05-17T09:03:07+00:00","twitter_card":"summary_large_image","twitter_misc":{"Dur\u00e9e de lecture estim\u00e9e":"1 minute"},"schema":{"@context":"https:\/\/schema.org","@graph":[{"@type":"WebPage","@id":"https:\/\/www.sprachschule-aktiv-karlsruhe.de\/fr\/contactez-nous\/","url":"https:\/\/www.sprachschule-aktiv-karlsruhe.de\/fr\/contactez-nous\/","name":"Kontaktformular - Stellen Sie uns gerne Ihre Frage","isPartOf":{"@id":"https:\/\/www.sprachschule-aktiv-karlsruhe.de\/#website"},"datePublished":"2022-11-09T18:20:34+00:00","dateModified":"2023-05-17T09:03:07+00:00","description":"Das ist das Kontaktformular der Sprachschule Aktiv in Karlsruhe. Suchen Sie nach einem Sprachkurse in Karlsruhe. Bitte Ihre Frage stellen.","inLanguage":"fr-FR","potentialAction":[{"@type":"ReadAction","target":["https:\/\/www.sprachschule-aktiv-karlsruhe.de\/fr\/contactez-nous\/"]}]},{"@type":"WebSite","@id":"https:\/\/www.sprachschule-aktiv-karlsruhe.de\/#website","url":"https:\/\/www.sprachschule-aktiv-karlsruhe.de\/","name":"Sprachschule Aktiv Karlsruhe","description":"","potentialAction":[{"@type":"SearchAction","target":{"@type":"EntryPoint","urlTemplate":"https:\/\/www.sprachschule-aktiv-karlsruhe.de\/?s={search_term_string}"},"query-input":{"@type":"PropertyValueSpecification","valueRequired":true,"valueName":"search_term_string"}}],"inLanguage":"fr-FR"}]}},"_links":{"self":[{"href":"https:\/\/www.sprachschule-aktiv-karlsruhe.de\/fr\/wp-json\/wp\/v2\/pages\/3301","targetHints":{"allow":["GET"]}}],"collection":[{"href":"https:\/\/www.sprachschule-aktiv-karlsruhe.de\/fr\/wp-json\/wp\/v2\/pages"}],"about":[{"href":"https:\/\/www.sprachschule-aktiv-karlsruhe.de\/fr\/wp-json\/wp\/v2\/types\/page"}],"author":[{"embeddable":true,"href":"https:\/\/www.sprachschule-aktiv-karlsruhe.de\/fr\/wp-json\/wp\/v2\/users\/1"}],"replies":[{"embeddable":true,"href":"https:\/\/www.sprachschule-aktiv-karlsruhe.de\/fr\/wp-json\/wp\/v2\/comments?post=3301"}],"version-history":[{"count":8,"href":"https:\/\/www.sprachschule-aktiv-karlsruhe.de\/fr\/wp-json\/wp\/v2\/pages\/3301\/revisions"}],"predecessor-version":[{"id":3310,"href":"https:\/\/www.sprachschule-aktiv-karlsruhe.de\/fr\/wp-json\/wp\/v2\/pages\/3301\/revisions\/3310"}],"wp:attachment":[{"href":"https:\/\/www.sprachschule-aktiv-karlsruhe.de\/fr\/wp-json\/wp\/v2\/media?parent=3301"}],"curies":[{"name":"wp","href":"https:\/\/api.w.org\/{rel}","templated":true}]}}